{"id":1236,"date":"2026-04-09T10:35:39","date_gmt":"2026-04-09T10:35:39","guid":{"rendered":"https:\/\/jutedraagtassen.nl\/?page_id=1236"},"modified":"2026-04-09T10:36:31","modified_gmt":"2026-04-09T10:36:31","slug":"ppp-bedingungen","status":"publish","type":"page","link":"https:\/\/jutedraagtassen.nl\/de\/ppp-bedingungen\/","title":{"rendered":"PPP-Bedingungen"},"content":{"rendered":"<p>Wir sind Mitglied der PPP. Promotional Products Professionals | PPP ist der einzige Branchenverband f\u00fcr H\u00e4ndler und Lieferanten von Werbeartikeln, Werbegeschenken und Weihnachtsgeschenken. PPP ist eine professionelle, unabh\u00e4ngige Organisation, die von engagierten Managern aus der Branche geleitet wird.\u00a0<a href=\"https:\/\/shop.hidalgo.nl\/wp-content\/uploads\/2026\/01\/2024-PPP-Leveringsvoorwaarden-Nederlands-2.pdf\" target=\"_blank\" rel=\"noopener\"><em>F\u00fcr die Bedingung, klicken Sie hier.<\/em><\/a><\/p>\n<p><a title=\"PPP-Bedingungen\" href=\"https:\/\/shop.hidalgo.nl\/wp-content\/uploads\/2026\/01\/126_PPP-Code-of-Conduct-NL_invul.pdf\" target=\"_blank\" rel=\"noopener sponsored\">Um den Verhaltenskodex einzusehen, klicken Sie hier.<\/a><\/p>\n","protected":false},"excerpt":{"rendered":"<p>Wir sind Mitglied der PPP. Promotional Products Professionals | PPP ist der einzige Branchenverband f\u00fcr H\u00e4ndler und Lieferanten von Werbeartikeln, Werbegeschenken und Weihnachtsgeschenken. PPP ist eine professionelle, unabh\u00e4ngige Organisation, die von engagierten Managern aus der Branche geleitet wird.\u00a0F\u00fcr die Bedingung, klicken Sie hier. Um den Verhaltenskodex einzusehen, klicken Sie hier.<\/p>\n","protected":false},"author":6,"featured_media":0,"parent":0,"menu_order":0,"comment_status":"closed","ping_status":"closed","template":"","meta":{"_acf_changed":false,"_monsterinsights_skip_tracking":false,"_monsterinsights_sitenote_active":false,"_monsterinsights_sitenote_note":"","_monsterinsights_sitenote_category":0,"footnotes":""},"class_list":["post-1236","page","type-page","status-publish","hentry","entry"],"acf":[],"aioseo_notices":[],"aioseo_head":"\n\t\t<!-- All in One SEO Pro 4.9.6.2 - aioseo.com -->\n\t<meta name=\"description\" content=\"Wir sind Mitglied der PPP. Promotional Products Professionals | PPP ist der einzige Branchenverband f\u00fcr H\u00e4ndler und Lieferanten von Werbeartikeln, Werbegeschenken und Weihnachtsgeschenken. PPP ist eine professionelle, unabh\u00e4ngige Organisation, die von engagierten Managern aus der Branche geleitet wird. F\u00fcr die Bedingung, klicken Sie hier. Um den Verhaltenskodex einzusehen, klicken Sie hier.\" \/>\n\t<meta name=\"robots\" content=\"max-image-preview:large\" \/>\n\t<meta name=\"google-site-verification\" content=\"o1nbxvrqb4ZGI4F-Sb--52U63jmCXkR8--0KffSKkPU\" \/>\n\t<link rel=\"canonical\" href=\"https:\/\/jutedraagtassen.nl\/de\/wp-json\/wp\/v2\/pages\/1236\" \/>\n\t<meta name=\"generator\" content=\"All in One SEO Pro (AIOSEO) 4.9.6.2\" \/>\n\t\t<meta property=\"og:locale\" content=\"de_DE\" \/>\n\t\t<meta property=\"og:site_name\" content=\"Jutedraagtassen -\" \/>\n\t\t<meta property=\"og:type\" content=\"article\" \/>\n\t\t<meta property=\"og:title\" content=\"PPP-Bedingungen - Jutedraagtassen\" \/>\n\t\t<meta property=\"og:description\" content=\"Wir sind Mitglied der PPP. Promotional Products Professionals | PPP ist der einzige Branchenverband f\u00fcr H\u00e4ndler und Lieferanten von Werbeartikeln, Werbegeschenken und Weihnachtsgeschenken. PPP ist eine professionelle, unabh\u00e4ngige Organisation, die von engagierten Managern aus der Branche geleitet wird. F\u00fcr die Bedingung, klicken Sie hier. Um den Verhaltenskodex einzusehen, klicken Sie hier.\" \/>\n\t\t<meta property=\"og:url\" content=\"https:\/\/jutedraagtassen.nl\/de\/wp-json\/wp\/v2\/pages\/1236\" \/>\n\t\t<meta property=\"og:image\" content=\"https:\/\/shop.hidalgo.nl\/wp-content\/uploads\/2026\/04\/Logo.png\" \/>\n\t\t<meta property=\"og:image:secure_url\" content=\"https:\/\/shop.hidalgo.nl\/wp-content\/uploads\/2026\/04\/Logo.png\" \/>\n\t\t<meta property=\"article:published_time\" content=\"2026-04-09T10:35:39+00:00\" \/>\n\t\t<meta property=\"article:modified_time\" content=\"2026-04-09T10:36:31+00:00\" \/>\n\t\t<meta name=\"twitter:card\" content=\"summary_large_image\" \/>\n\t\t<meta name=\"twitter:title\" content=\"PPP-Bedingungen - Jutedraagtassen\" \/>\n\t\t<meta name=\"twitter:description\" content=\"Wir sind Mitglied der PPP. Promotional Products Professionals | PPP ist der einzige Branchenverband f\u00fcr H\u00e4ndler und Lieferanten von Werbeartikeln, Werbegeschenken und Weihnachtsgeschenken. PPP ist eine professionelle, unabh\u00e4ngige Organisation, die von engagierten Managern aus der Branche geleitet wird. F\u00fcr die Bedingung, klicken Sie hier. Um den Verhaltenskodex einzusehen, klicken Sie hier.\" \/>\n\t\t<meta name=\"twitter:image\" content=\"https:\/\/shop.hidalgo.nl\/wp-content\/uploads\/2026\/04\/Logo.png\" \/>\n\t\t<script type=\"application\/ld+json\" class=\"aioseo-schema\">\n\t\t\t{\"@context\":\"https:\\\/\\\/schema.org\",\"@graph\":[{\"@type\":\"BreadcrumbList\",\"@id\":\"https:\\\/\\\/jutedraagtassen.nl\\\/de\\\/ppp-bedingungen\\\/#breadcrumblist\",\"itemListElement\":[{\"@type\":\"ListItem\",\"@id\":\"https:\\\/\\\/jutedraagtassen.nl\\\/de\\\/#listItem\",\"position\":1,\"name\":\"Home\",\"item\":\"https:\\\/\\\/jutedraagtassen.nl\\\/de\\\/\",\"nextItem\":{\"@type\":\"ListItem\",\"@id\":\"https:\\\/\\\/jutedraagtassen.nl\\\/de\\\/ppp-bedingungen\\\/#listItem\",\"name\":\"PPP-Bedingungen\"}},{\"@type\":\"ListItem\",\"@id\":\"https:\\\/\\\/jutedraagtassen.nl\\\/de\\\/ppp-bedingungen\\\/#listItem\",\"position\":2,\"name\":\"PPP-Bedingungen\",\"previousItem\":{\"@type\":\"ListItem\",\"@id\":\"https:\\\/\\\/jutedraagtassen.nl\\\/de\\\/#listItem\",\"name\":\"Home\"}}]},{\"@type\":\"Organization\",\"@id\":\"https:\\\/\\\/jutedraagtassen.nl\\\/de\\\/#organization\",\"name\":\"Jutedraagtassen\",\"url\":\"https:\\\/\\\/jutedraagtassen.nl\\\/de\\\/\",\"logo\":{\"@type\":\"ImageObject\",\"url\":\"https:\\\/\\\/shop.hidalgo.nl\\\/wp-content\\\/uploads\\\/2026\\\/04\\\/Logo.png\",\"@id\":\"https:\\\/\\\/jutedraagtassen.nl\\\/de\\\/ppp-bedingungen\\\/#organizationLogo\",\"width\":600,\"height\":392},\"image\":{\"@id\":\"https:\\\/\\\/jutedraagtassen.nl\\\/de\\\/ppp-bedingungen\\\/#organizationLogo\"}},{\"@type\":\"WebPage\",\"@id\":\"https:\\\/\\\/jutedraagtassen.nl\\\/de\\\/ppp-bedingungen\\\/#webpage\",\"url\":\"https:\\\/\\\/jutedraagtassen.nl\\\/de\\\/ppp-bedingungen\\\/\",\"name\":\"PPP-Bedingungen - Jutedraagtassen\",\"description\":\"Wir sind Mitglied der PPP. Promotional Products Professionals | PPP ist der einzige Branchenverband f\\u00fcr H\\u00e4ndler und Lieferanten von Werbeartikeln, Werbegeschenken und Weihnachtsgeschenken. PPP ist eine professionelle, unabh\\u00e4ngige Organisation, die von engagierten Managern aus der Branche geleitet wird. F\\u00fcr die Bedingung, klicken Sie hier. Um den Verhaltenskodex einzusehen, klicken Sie hier.\",\"inLanguage\":\"de-DE\",\"isPartOf\":{\"@id\":\"https:\\\/\\\/jutedraagtassen.nl\\\/de\\\/#website\"},\"breadcrumb\":{\"@id\":\"https:\\\/\\\/jutedraagtassen.nl\\\/de\\\/ppp-bedingungen\\\/#breadcrumblist\"},\"datePublished\":\"2026-04-09T10:35:39+02:00\",\"dateModified\":\"2026-04-09T10:36:31+02:00\"},{\"@type\":\"WebSite\",\"@id\":\"https:\\\/\\\/jutedraagtassen.nl\\\/de\\\/#website\",\"url\":\"https:\\\/\\\/jutedraagtassen.nl\\\/de\\\/\",\"name\":\"Jutedraagtassen\",\"inLanguage\":\"de-DE\",\"publisher\":{\"@id\":\"https:\\\/\\\/jutedraagtassen.nl\\\/de\\\/#organization\"}}]}\n\t\t<\/script>\n\t\t<!-- All in One SEO Pro -->\r\n\t\t<title>PPP-Bedingungen - Jutedraagtassen<\/title>\n\n","aioseo_head_json":{"title":"PPP-Bedingungen - Jutedraagtassen","description":"Wir sind Mitglied der PPP. Promotional Products Professionals | PPP ist der einzige Branchenverband f\u00fcr H\u00e4ndler und Lieferanten von Werbeartikeln, Werbegeschenken und Weihnachtsgeschenken. PPP ist eine professionelle, unabh\u00e4ngige Organisation, die von engagierten Managern aus der Branche geleitet wird. F\u00fcr die Bedingung, klicken Sie hier. Um den Verhaltenskodex einzusehen, klicken Sie hier.","canonical_url":"https:\/\/jutedraagtassen.nl\/de\/wp-json\/wp\/v2\/pages\/1236","robots":"max-image-preview:large","keywords":"","webmasterTools":{"google-site-verification":"o1nbxvrqb4ZGI4F-Sb--52U63jmCXkR8--0KffSKkPU","miscellaneous":""},"schema":{"@context":"https:\/\/schema.org","@graph":[{"@type":"BreadcrumbList","@id":"https:\/\/jutedraagtassen.nl\/de\/ppp-bedingungen\/#breadcrumblist","itemListElement":[{"@type":"ListItem","@id":"https:\/\/jutedraagtassen.nl\/de\/#listItem","position":1,"name":"Home","item":"https:\/\/jutedraagtassen.nl\/de\/","nextItem":{"@type":"ListItem","@id":"https:\/\/jutedraagtassen.nl\/de\/ppp-bedingungen\/#listItem","name":"PPP-Bedingungen"}},{"@type":"ListItem","@id":"https:\/\/jutedraagtassen.nl\/de\/ppp-bedingungen\/#listItem","position":2,"name":"PPP-Bedingungen","previousItem":{"@type":"ListItem","@id":"https:\/\/jutedraagtassen.nl\/de\/#listItem","name":"Home"}}]},{"@type":"Organization","@id":"https:\/\/jutedraagtassen.nl\/de\/#organization","name":"Jutedraagtassen","url":"https:\/\/jutedraagtassen.nl\/de\/","logo":{"@type":"ImageObject","url":"https:\/\/shop.hidalgo.nl\/wp-content\/uploads\/2026\/04\/Logo.png","@id":"https:\/\/jutedraagtassen.nl\/de\/ppp-bedingungen\/#organizationLogo","width":600,"height":392},"image":{"@id":"https:\/\/jutedraagtassen.nl\/de\/ppp-bedingungen\/#organizationLogo"}},{"@type":"WebPage","@id":"https:\/\/jutedraagtassen.nl\/de\/ppp-bedingungen\/#webpage","url":"https:\/\/jutedraagtassen.nl\/de\/ppp-bedingungen\/","name":"PPP-Bedingungen - Jutedraagtassen","description":"Wir sind Mitglied der PPP. Promotional Products Professionals | PPP ist der einzige Branchenverband f\u00fcr H\u00e4ndler und Lieferanten von Werbeartikeln, Werbegeschenken und Weihnachtsgeschenken. PPP ist eine professionelle, unabh\u00e4ngige Organisation, die von engagierten Managern aus der Branche geleitet wird. F\u00fcr die Bedingung, klicken Sie hier. Um den Verhaltenskodex einzusehen, klicken Sie hier.","inLanguage":"de-DE","isPartOf":{"@id":"https:\/\/jutedraagtassen.nl\/de\/#website"},"breadcrumb":{"@id":"https:\/\/jutedraagtassen.nl\/de\/ppp-bedingungen\/#breadcrumblist"},"datePublished":"2026-04-09T10:35:39+02:00","dateModified":"2026-04-09T10:36:31+02:00"},{"@type":"WebSite","@id":"https:\/\/jutedraagtassen.nl\/de\/#website","url":"https:\/\/jutedraagtassen.nl\/de\/","name":"Jutedraagtassen","inLanguage":"de-DE","publisher":{"@id":"https:\/\/jutedraagtassen.nl\/de\/#organization"}}]},"og:locale":"de_DE","og:site_name":"Jutedraagtassen -","og:type":"article","og:title":"PPP-Bedingungen - Jutedraagtassen","og:description":"Wir sind Mitglied der PPP. Promotional Products Professionals | PPP ist der einzige Branchenverband f\u00fcr H\u00e4ndler und Lieferanten von Werbeartikeln, Werbegeschenken und Weihnachtsgeschenken. PPP ist eine professionelle, unabh\u00e4ngige Organisation, die von engagierten Managern aus der Branche geleitet wird. F\u00fcr die Bedingung, klicken Sie hier. Um den Verhaltenskodex einzusehen, klicken Sie hier.","og:url":"https:\/\/jutedraagtassen.nl\/de\/wp-json\/wp\/v2\/pages\/1236","og:image":"https:\/\/shop.hidalgo.nl\/wp-content\/uploads\/2026\/04\/Logo.png","og:image:secure_url":"https:\/\/shop.hidalgo.nl\/wp-content\/uploads\/2026\/04\/Logo.png","article:published_time":"2026-04-09T10:35:39+00:00","article:modified_time":"2026-04-09T10:36:31+00:00","twitter:card":"summary_large_image","twitter:title":"PPP-Bedingungen - Jutedraagtassen","twitter:description":"Wir sind Mitglied der PPP. Promotional Products Professionals | PPP ist der einzige Branchenverband f\u00fcr H\u00e4ndler und Lieferanten von Werbeartikeln, Werbegeschenken und Weihnachtsgeschenken. PPP ist eine professionelle, unabh\u00e4ngige Organisation, die von engagierten Managern aus der Branche geleitet wird. F\u00fcr die Bedingung, klicken Sie hier. Um den Verhaltenskodex einzusehen, klicken Sie hier.","twitter:image":"https:\/\/shop.hidalgo.nl\/wp-content\/uploads\/2026\/04\/Logo.png"},"aioseo_meta_data":{"post_id":"1236","title":null,"description":null,"keywords":null,"keyphrases":{"focus":{"keyphrase":"","score":0,"analysis":{"keyphraseInTitle":{"score":0,"maxScore":9,"error":1}}},"additional":[]},"canonical_url":null,"og_title":null,"og_description":null,"og_object_type":"default","og_image_type":"default","og_image_custom_url":null,"og_image_custom_fields":null,"og_custom_image_width":null,"og_custom_image_height":null,"og_video":"","og_custom_url":null,"og_article_section":null,"og_article_tags":null,"twitter_use_og":false,"twitter_card":"default","twitter_image_type":"default","twitter_image_custom_url":null,"twitter_image_custom_fields":null,"twitter_title":null,"twitter_description":null,"schema_type":null,"schema_type_options":null,"pillar_content":false,"robots_default":true,"robots_noindex":false,"robots_noarchive":false,"robots_nosnippet":false,"robots_nofollow":false,"robots_noimageindex":false,"robots_noodp":false,"robots_notranslate":false,"robots_max_snippet":"-1","robots_max_videopreview":"-1","robots_max_imagepreview":"none","tabs":null,"priority":null,"frequency":"default","local_seo":null,"created":"2026-04-09 10:36:14","updated":"2026-04-09 10:36:31"},"aioseo_breadcrumb":"<div class=\"aioseo-breadcrumbs\"><span class=\"aioseo-breadcrumb\">\n\t<a href=\"https:\/\/jutedraagtassen.nl\/de\/\" title=\"Home\">Home<\/a>\n<\/span><span class=\"aioseo-breadcrumb-separator\">\u00bb<\/span><span class=\"aioseo-breadcrumb\">\n\tPPP-Bedingungen\n<\/span><\/div>","aioseo_breadcrumb_json":[{"label":"Home","link":"https:\/\/jutedraagtassen.nl\/de\/"},{"label":"PPP-Bedingungen","link":"https:\/\/jutedraagtassen.nl\/de\/ppp-bedingungen\/"}],"_links":{"self":[{"href":"https:\/\/jutedraagtassen.nl\/de\/wp-json\/wp\/v2\/pages\/1236","targetHints":{"allow":["GET"]}}],"collection":[{"href":"https:\/\/jutedraagtassen.nl\/de\/wp-json\/wp\/v2\/pages"}],"about":[{"href":"https:\/\/jutedraagtassen.nl\/de\/wp-json\/wp\/v2\/types\/page"}],"author":[{"embeddable":true,"href":"https:\/\/jutedraagtassen.nl\/de\/wp-json\/wp\/v2\/users\/6"}],"replies":[{"embeddable":true,"href":"https:\/\/jutedraagtassen.nl\/de\/wp-json\/wp\/v2\/comments?post=1236"}],"version-history":[{"count":1,"href":"https:\/\/jutedraagtassen.nl\/de\/wp-json\/wp\/v2\/pages\/1236\/revisions"}],"predecessor-version":[{"id":1237,"href":"https:\/\/jutedraagtassen.nl\/de\/wp-json\/wp\/v2\/pages\/1236\/revisions\/1237"}],"wp:attachment":[{"href":"https:\/\/jutedraagtassen.nl\/de\/wp-json\/wp\/v2\/media?parent=1236"}],"curies":[{"name":"wp","href":"https:\/\/api.w.org\/{rel}","templated":true}]}}