{"id":1231,"date":"2026-04-09T10:05:38","date_gmt":"2026-04-09T10:05:38","guid":{"rendered":"https:\/\/jutedraagtassen.nl\/ueber-uns\/"},"modified":"2026-04-09T10:05:38","modified_gmt":"2026-04-09T10:05:38","slug":"ueber-uns","status":"publish","type":"page","link":"https:\/\/jutedraagtassen.nl\/de\/ueber-uns\/","title":{"rendered":"\u00dcber uns"},"content":{"rendered":"<p><img decoding=\"async\" class=\" wp-image-1226\" src=\"https:\/\/shop.hidalgo.nl\/wp-content\/uploads\/2026\/04\/banner-jute-overons-300x60.jpg\" alt=\"\" width=\"855\" height=\"171\" srcset=\"https:\/\/shop.hidalgo.nl\/wp-content\/uploads\/2026\/04\/banner-jute-overons-300x60.jpg 300w, https:\/\/shop.hidalgo.nl\/wp-content\/uploads\/2026\/04\/banner-jute-overons-1024x206.jpg 1024w, https:\/\/shop.hidalgo.nl\/wp-content\/uploads\/2026\/04\/banner-jute-overons-768x155.jpg 768w, https:\/\/shop.hidalgo.nl\/wp-content\/uploads\/2026\/04\/banner-jute-overons-600x121.jpg 600w, https:\/\/shop.hidalgo.nl\/wp-content\/uploads\/2026\/04\/banner-jute-overons.jpg 1548w\" sizes=\"(max-width: 855px) 100vw, 855px\" \/><\/p>\n<h6>Hidalgo Bags &amp; More<\/h6>\n<div>\n<p>Hidalgo Bags &amp; More besteht seit 1993 und unser Spezialgebiet sind Taschen, Trinkflaschen &amp; Shaker sowie Sporthandt\u00fccher. Unser Hauptsitz befindet sich in den Niederlanden. Hier ber\u00e4t Sie das Verkaufsteam, die Grafikabteilung k\u00fcmmert sich um Entw\u00fcrfe und wir empfangen Sie gerne in unserem Showroom. In den Anfangsjahren war Hidalgo nur auf dem niederl\u00e4ndischen Markt aktiv, aber mittlerweile arbeiten wir mit mehr als 1.800 Kunden in 16 L\u00e4ndern zusammen.   <\/p>\n<h6><strong>Branchenverband PPP<\/strong><\/h6>\n<p><img decoding=\"async\" class=\"entered litespeed-loaded\" src=\"https:\/\/c5079f4e022814127ac7-d747ec09ac64368ba7dcf1a58d452e76.ssl.cf1.rackcdn.com\/1767602358_150_ppp%20keurmerk%20geaccrediteerd%20toevoeging%20ppp(1).jpg\" alt=\"\" width=\"150\" data-lazyloaded=\"1\" data-src=\"https:\/\/c5079f4e022814127ac7-d747ec09ac64368ba7dcf1a58d452e76.ssl.cf1.rackcdn.com\/1767602358_150_ppp%20keurmerk%20geaccrediteerd%20toevoeging%20ppp(1).jpg\" data-ll-status=\"loaded\"><\/p>\n<p>Wir sind Mitglied der PPP, Promotional Product Professionals. Die PPP ist der einzige Branchenverband f\u00fcr H\u00e4ndler und Lieferanten von Werbeartikeln, Werbe- und Weihnachtsgeschenken. Die PPP ist eine professionelle, unabh\u00e4ngige Organisation, die von engagierten Managern aus der Branche geleitet wird. Die PPP arbeitet im Rahmen eines aktiven Verbandswesens an der Weiterentwicklung der Branche. Ethisches und verantwortungsbewusstes Handeln sind dabei Kernwerte.    <\/p>\n<h6>Spezialisierung<\/h6>\n<p>Spezialisierung ist nichts, was man von heute auf morgen erreicht; unser Unternehmen wurde 1993 gegr\u00fcndet und wir lernen noch jeden Tag dazu. Wir sind auf Taschen, Handt\u00fccher sowie Trinkflaschen und Shaker spezialisiert. Diese drei Produktgruppen produzieren wir selbst oder arbeiten mit spezialisierten und exklusiven Drittanbietern zusammen. Wir beraten Sie gerne unverbindlich und denken aktiv mit Ihnen mit.   <\/p>\n<h6>Kreativ<\/h6>\n<p>Alles beginnt mit Ihrer Idee, aber wir unterst\u00fctzen Sie gerne bei der Weiterentwicklung. Wir haben Grafikdesigner, die in der Lage sind, die Idee zu visualisieren, aber auch attraktive Alternativen aufzuzeigen, um das Produkt noch sch\u00f6ner zu gestalten. Wir pr\u00fcfen, ob die Ma\u00dfe stimmen, welches die beste Position f\u00fcr Ihr Logo ist und vieles mehr. Etwas zu entwerfen und anschlie\u00dfend zu produzieren, ist f\u00fcr uns das Sch\u00f6nste, was es gibt. Das gibt uns die M\u00f6glichkeit, uns abzuheben.    <\/p>\n<\/div>\n<h4><strong>Hidalgo Bags &amp; More<\/strong><\/h4>\n<p>Platinastraat 52<\/p>\n<p>2718TRZ Zoetermeer<\/p>\n<p>Niederlande<\/p>\n<p><strong>info@hidalgo.nl<\/strong><\/p>\n<p><strong>Telefon: 0031 \u2013 (0)793310133<\/strong><\/p>\n<p><strong>WhatsApp: 0031 \u2013 (0)6 11 058 609<\/strong><\/p>\n<p>\u2014\u2014\u2014\u2014\u2014\u2014\u2014\u2014\u2014\u2014\u2014\u2014\u2014\u2014\u2014\u2014<\/p>\n<p><em>ist Teil der RuLe Holding BV<\/em><\/p>\n<p>KVK: 69454159<\/p>\n<p>USt-IdNr.: NL-857880676B01<\/p>\n","protected":false},"excerpt":{"rendered":"<p>Hidalgo Bags &amp; More Hidalgo Bags &amp; More besteht seit 1993 und unser Spezialgebiet sind Taschen, Trinkflaschen &amp; Shaker sowie Sporthandt\u00fccher. Unser Hauptsitz befindet sich in den Niederlanden. Hier ber\u00e4t Sie das Verkaufsteam, die Grafikabteilung k\u00fcmmert sich um Entw\u00fcrfe und wir empfangen Sie gerne in unserem Showroom. In den Anfangsjahren war Hidalgo nur auf dem&hellip; <a class=\"more-link\" href=\"https:\/\/jutedraagtassen.nl\/de\/ueber-uns\/\"><span class=\"screen-reader-text\">\u00dcber uns<\/span> weiterlesen<\/a><\/p>\n","protected":false},"author":6,"featured_media":0,"parent":0,"menu_order":0,"comment_status":"closed","ping_status":"closed","template":"","meta":{"_acf_changed":false,"_monsterinsights_skip_tracking":false,"_monsterinsights_sitenote_active":false,"_monsterinsights_sitenote_note":"","_monsterinsights_sitenote_category":0,"footnotes":""},"class_list":["post-1231","page","type-page","status-publish","hentry","entry"],"acf":[],"aioseo_notices":[],"aioseo_head":"\n\t\t<!-- All in One SEO Pro 4.9.6.2 - aioseo.com -->\n\t<meta name=\"description\" content=\"Hidalgo Bags &amp; More Hidalgo Bags &amp; More besteht seit 1993 und unser Spezialgebiet sind Taschen, Trinkflaschen &amp; Shaker sowie Sporthandt\u00fccher. Unser Hauptsitz befindet sich in den Niederlanden. Hier ber\u00e4t Sie das Verkaufsteam, die Grafikabteilung k\u00fcmmert sich um Entw\u00fcrfe und wir empfangen Sie gerne in unserem Showroom. In den Anfangsjahren war Hidalgo nur auf dem\" \/>\n\t<meta name=\"robots\" content=\"max-image-preview:large\" \/>\n\t<meta name=\"google-site-verification\" content=\"o1nbxvrqb4ZGI4F-Sb--52U63jmCXkR8--0KffSKkPU\" \/>\n\t<link rel=\"canonical\" href=\"https:\/\/jutedraagtassen.nl\/de\/wp-json\/wp\/v2\/pages\/1231\" \/>\n\t<meta name=\"generator\" content=\"All in One SEO Pro (AIOSEO) 4.9.6.2\" \/>\n\t\t<meta property=\"og:locale\" content=\"de_DE\" \/>\n\t\t<meta property=\"og:site_name\" content=\"Jutedraagtassen -\" \/>\n\t\t<meta property=\"og:type\" content=\"article\" \/>\n\t\t<meta property=\"og:title\" content=\"\u00dcber uns - Jutedraagtassen\" \/>\n\t\t<meta property=\"og:description\" content=\"Hidalgo Bags &amp; More Hidalgo Bags &amp; More besteht seit 1993 und unser Spezialgebiet sind Taschen, Trinkflaschen &amp; Shaker sowie Sporthandt\u00fccher. Unser Hauptsitz befindet sich in den Niederlanden. Hier ber\u00e4t Sie das Verkaufsteam, die Grafikabteilung k\u00fcmmert sich um Entw\u00fcrfe und wir empfangen Sie gerne in unserem Showroom. In den Anfangsjahren war Hidalgo nur auf dem\" \/>\n\t\t<meta property=\"og:url\" content=\"https:\/\/jutedraagtassen.nl\/de\/wp-json\/wp\/v2\/pages\/1231\" \/>\n\t\t<meta property=\"og:image\" content=\"https:\/\/shop.hidalgo.nl\/wp-content\/uploads\/2026\/04\/Logo.png\" \/>\n\t\t<meta property=\"og:image:secure_url\" content=\"https:\/\/shop.hidalgo.nl\/wp-content\/uploads\/2026\/04\/Logo.png\" \/>\n\t\t<meta property=\"article:published_time\" content=\"2026-04-09T10:05:38+00:00\" \/>\n\t\t<meta property=\"article:modified_time\" content=\"2026-04-09T10:05:38+00:00\" \/>\n\t\t<meta name=\"twitter:card\" content=\"summary_large_image\" \/>\n\t\t<meta name=\"twitter:title\" content=\"\u00dcber uns - Jutedraagtassen\" \/>\n\t\t<meta name=\"twitter:description\" content=\"Hidalgo Bags &amp; More Hidalgo Bags &amp; More besteht seit 1993 und unser Spezialgebiet sind Taschen, Trinkflaschen &amp; Shaker sowie Sporthandt\u00fccher. Unser Hauptsitz befindet sich in den Niederlanden. Hier ber\u00e4t Sie das Verkaufsteam, die Grafikabteilung k\u00fcmmert sich um Entw\u00fcrfe und wir empfangen Sie gerne in unserem Showroom. In den Anfangsjahren war Hidalgo nur auf dem\" \/>\n\t\t<meta name=\"twitter:image\" content=\"https:\/\/shop.hidalgo.nl\/wp-content\/uploads\/2026\/04\/Logo.png\" \/>\n\t\t<script type=\"application\/ld+json\" class=\"aioseo-schema\">\n\t\t\t{\"@context\":\"https:\\\/\\\/schema.org\",\"@graph\":[{\"@type\":\"BreadcrumbList\",\"@id\":\"https:\\\/\\\/jutedraagtassen.nl\\\/de\\\/ueber-uns\\\/#breadcrumblist\",\"itemListElement\":[{\"@type\":\"ListItem\",\"@id\":\"https:\\\/\\\/jutedraagtassen.nl\\\/de\\\/#listItem\",\"position\":1,\"name\":\"Home\",\"item\":\"https:\\\/\\\/jutedraagtassen.nl\\\/de\\\/\",\"nextItem\":{\"@type\":\"ListItem\",\"@id\":\"https:\\\/\\\/jutedraagtassen.nl\\\/de\\\/ueber-uns\\\/#listItem\",\"name\":\"\\u00dcber uns\"}},{\"@type\":\"ListItem\",\"@id\":\"https:\\\/\\\/jutedraagtassen.nl\\\/de\\\/ueber-uns\\\/#listItem\",\"position\":2,\"name\":\"\\u00dcber uns\",\"previousItem\":{\"@type\":\"ListItem\",\"@id\":\"https:\\\/\\\/jutedraagtassen.nl\\\/de\\\/#listItem\",\"name\":\"Home\"}}]},{\"@type\":\"Organization\",\"@id\":\"https:\\\/\\\/jutedraagtassen.nl\\\/de\\\/#organization\",\"name\":\"Jutedraagtassen\",\"url\":\"https:\\\/\\\/jutedraagtassen.nl\\\/de\\\/\",\"logo\":{\"@type\":\"ImageObject\",\"url\":\"https:\\\/\\\/shop.hidalgo.nl\\\/wp-content\\\/uploads\\\/2026\\\/04\\\/Logo.png\",\"@id\":\"https:\\\/\\\/jutedraagtassen.nl\\\/de\\\/ueber-uns\\\/#organizationLogo\",\"width\":600,\"height\":392},\"image\":{\"@id\":\"https:\\\/\\\/jutedraagtassen.nl\\\/de\\\/ueber-uns\\\/#organizationLogo\"}},{\"@type\":\"WebPage\",\"@id\":\"https:\\\/\\\/jutedraagtassen.nl\\\/de\\\/ueber-uns\\\/#webpage\",\"url\":\"https:\\\/\\\/jutedraagtassen.nl\\\/de\\\/ueber-uns\\\/\",\"name\":\"\\u00dcber uns - Jutedraagtassen\",\"description\":\"Hidalgo Bags & More Hidalgo Bags & More besteht seit 1993 und unser Spezialgebiet sind Taschen, Trinkflaschen & Shaker sowie Sporthandt\\u00fccher. Unser Hauptsitz befindet sich in den Niederlanden. Hier ber\\u00e4t Sie das Verkaufsteam, die Grafikabteilung k\\u00fcmmert sich um Entw\\u00fcrfe und wir empfangen Sie gerne in unserem Showroom. In den Anfangsjahren war Hidalgo nur auf dem\",\"inLanguage\":\"de-DE\",\"isPartOf\":{\"@id\":\"https:\\\/\\\/jutedraagtassen.nl\\\/de\\\/#website\"},\"breadcrumb\":{\"@id\":\"https:\\\/\\\/jutedraagtassen.nl\\\/de\\\/ueber-uns\\\/#breadcrumblist\"},\"datePublished\":\"2026-04-09T10:05:38+02:00\",\"dateModified\":\"2026-04-09T10:05:38+02:00\"},{\"@type\":\"WebSite\",\"@id\":\"https:\\\/\\\/jutedraagtassen.nl\\\/de\\\/#website\",\"url\":\"https:\\\/\\\/jutedraagtassen.nl\\\/de\\\/\",\"name\":\"Jutedraagtassen\",\"inLanguage\":\"de-DE\",\"publisher\":{\"@id\":\"https:\\\/\\\/jutedraagtassen.nl\\\/de\\\/#organization\"}}]}\n\t\t<\/script>\n\t\t<!-- All in One SEO Pro -->\r\n\t\t<title>\u00dcber uns - Jutedraagtassen<\/title>\n\n","aioseo_head_json":{"title":"\u00dcber uns - Jutedraagtassen","description":"Hidalgo Bags & More Hidalgo Bags & More besteht seit 1993 und unser Spezialgebiet sind Taschen, Trinkflaschen & Shaker sowie Sporthandt\u00fccher. Unser Hauptsitz befindet sich in den Niederlanden. Hier ber\u00e4t Sie das Verkaufsteam, die Grafikabteilung k\u00fcmmert sich um Entw\u00fcrfe und wir empfangen Sie gerne in unserem Showroom. In den Anfangsjahren war Hidalgo nur auf dem","canonical_url":"https:\/\/jutedraagtassen.nl\/de\/wp-json\/wp\/v2\/pages\/1231","robots":"max-image-preview:large","keywords":"","webmasterTools":{"google-site-verification":"o1nbxvrqb4ZGI4F-Sb--52U63jmCXkR8--0KffSKkPU","miscellaneous":""},"schema":{"@context":"https:\/\/schema.org","@graph":[{"@type":"BreadcrumbList","@id":"https:\/\/jutedraagtassen.nl\/de\/ueber-uns\/#breadcrumblist","itemListElement":[{"@type":"ListItem","@id":"https:\/\/jutedraagtassen.nl\/de\/#listItem","position":1,"name":"Home","item":"https:\/\/jutedraagtassen.nl\/de\/","nextItem":{"@type":"ListItem","@id":"https:\/\/jutedraagtassen.nl\/de\/ueber-uns\/#listItem","name":"\u00dcber uns"}},{"@type":"ListItem","@id":"https:\/\/jutedraagtassen.nl\/de\/ueber-uns\/#listItem","position":2,"name":"\u00dcber uns","previousItem":{"@type":"ListItem","@id":"https:\/\/jutedraagtassen.nl\/de\/#listItem","name":"Home"}}]},{"@type":"Organization","@id":"https:\/\/jutedraagtassen.nl\/de\/#organization","name":"Jutedraagtassen","url":"https:\/\/jutedraagtassen.nl\/de\/","logo":{"@type":"ImageObject","url":"https:\/\/shop.hidalgo.nl\/wp-content\/uploads\/2026\/04\/Logo.png","@id":"https:\/\/jutedraagtassen.nl\/de\/ueber-uns\/#organizationLogo","width":600,"height":392},"image":{"@id":"https:\/\/jutedraagtassen.nl\/de\/ueber-uns\/#organizationLogo"}},{"@type":"WebPage","@id":"https:\/\/jutedraagtassen.nl\/de\/ueber-uns\/#webpage","url":"https:\/\/jutedraagtassen.nl\/de\/ueber-uns\/","name":"\u00dcber uns - Jutedraagtassen","description":"Hidalgo Bags & More Hidalgo Bags & More besteht seit 1993 und unser Spezialgebiet sind Taschen, Trinkflaschen & Shaker sowie Sporthandt\u00fccher. Unser Hauptsitz befindet sich in den Niederlanden. Hier ber\u00e4t Sie das Verkaufsteam, die Grafikabteilung k\u00fcmmert sich um Entw\u00fcrfe und wir empfangen Sie gerne in unserem Showroom. In den Anfangsjahren war Hidalgo nur auf dem","inLanguage":"de-DE","isPartOf":{"@id":"https:\/\/jutedraagtassen.nl\/de\/#website"},"breadcrumb":{"@id":"https:\/\/jutedraagtassen.nl\/de\/ueber-uns\/#breadcrumblist"},"datePublished":"2026-04-09T10:05:38+02:00","dateModified":"2026-04-09T10:05:38+02:00"},{"@type":"WebSite","@id":"https:\/\/jutedraagtassen.nl\/de\/#website","url":"https:\/\/jutedraagtassen.nl\/de\/","name":"Jutedraagtassen","inLanguage":"de-DE","publisher":{"@id":"https:\/\/jutedraagtassen.nl\/de\/#organization"}}]},"og:locale":"de_DE","og:site_name":"Jutedraagtassen -","og:type":"article","og:title":"\u00dcber uns - Jutedraagtassen","og:description":"Hidalgo Bags &amp; More Hidalgo Bags &amp; More besteht seit 1993 und unser Spezialgebiet sind Taschen, Trinkflaschen &amp; Shaker sowie Sporthandt\u00fccher. Unser Hauptsitz befindet sich in den Niederlanden. Hier ber\u00e4t Sie das Verkaufsteam, die Grafikabteilung k\u00fcmmert sich um Entw\u00fcrfe und wir empfangen Sie gerne in unserem Showroom. In den Anfangsjahren war Hidalgo nur auf dem","og:url":"https:\/\/jutedraagtassen.nl\/de\/wp-json\/wp\/v2\/pages\/1231","og:image":"https:\/\/shop.hidalgo.nl\/wp-content\/uploads\/2026\/04\/Logo.png","og:image:secure_url":"https:\/\/shop.hidalgo.nl\/wp-content\/uploads\/2026\/04\/Logo.png","article:published_time":"2026-04-09T10:05:38+00:00","article:modified_time":"2026-04-09T10:05:38+00:00","twitter:card":"summary_large_image","twitter:title":"\u00dcber uns - Jutedraagtassen","twitter:description":"Hidalgo Bags &amp; More Hidalgo Bags &amp; More besteht seit 1993 und unser Spezialgebiet sind Taschen, Trinkflaschen &amp; Shaker sowie Sporthandt\u00fccher. Unser Hauptsitz befindet sich in den Niederlanden. Hier ber\u00e4t Sie das Verkaufsteam, die Grafikabteilung k\u00fcmmert sich um Entw\u00fcrfe und wir empfangen Sie gerne in unserem Showroom. In den Anfangsjahren war Hidalgo nur auf dem","twitter:image":"https:\/\/shop.hidalgo.nl\/wp-content\/uploads\/2026\/04\/Logo.png"},"aioseo_meta_data":{"post_id":"1231","title":null,"description":null,"keywords":null,"keyphrases":{"focus":{"keyphrase":"","score":0,"analysis":{"keyphraseInTitle":{"score":0,"maxScore":9,"error":1}}},"additional":[]},"canonical_url":null,"og_title":null,"og_description":null,"og_object_type":"default","og_image_type":"default","og_image_custom_url":null,"og_image_custom_fields":null,"og_custom_image_width":null,"og_custom_image_height":null,"og_video":"","og_custom_url":null,"og_article_section":null,"og_article_tags":null,"twitter_use_og":false,"twitter_card":"default","twitter_image_type":"default","twitter_image_custom_url":null,"twitter_image_custom_fields":null,"twitter_title":null,"twitter_description":null,"schema_type":null,"schema_type_options":null,"pillar_content":false,"robots_default":true,"robots_noindex":false,"robots_noarchive":false,"robots_nosnippet":false,"robots_nofollow":false,"robots_noimageindex":false,"robots_noodp":false,"robots_notranslate":false,"robots_max_snippet":"-1","robots_max_videopreview":"-1","robots_max_imagepreview":"none","tabs":null,"priority":null,"frequency":"default","local_seo":null,"created":"2026-04-09 10:29:47","updated":"2026-04-09 10:29:48"},"aioseo_breadcrumb":"<div class=\"aioseo-breadcrumbs\"><span class=\"aioseo-breadcrumb\">\n\t<a href=\"https:\/\/jutedraagtassen.nl\/de\/\" title=\"Home\">Home<\/a>\n<\/span><span class=\"aioseo-breadcrumb-separator\">\u00bb<\/span><span class=\"aioseo-breadcrumb\">\n\t\u00dcber uns\n<\/span><\/div>","aioseo_breadcrumb_json":[{"label":"Home","link":"https:\/\/jutedraagtassen.nl\/de\/"},{"label":"\u00dcber uns","link":"https:\/\/jutedraagtassen.nl\/de\/ueber-uns\/"}],"_links":{"self":[{"href":"https:\/\/jutedraagtassen.nl\/de\/wp-json\/wp\/v2\/pages\/1231","targetHints":{"allow":["GET"]}}],"collection":[{"href":"https:\/\/jutedraagtassen.nl\/de\/wp-json\/wp\/v2\/pages"}],"about":[{"href":"https:\/\/jutedraagtassen.nl\/de\/wp-json\/wp\/v2\/types\/page"}],"author":[{"embeddable":true,"href":"https:\/\/jutedraagtassen.nl\/de\/wp-json\/wp\/v2\/users\/6"}],"replies":[{"embeddable":true,"href":"https:\/\/jutedraagtassen.nl\/de\/wp-json\/wp\/v2\/comments?post=1231"}],"version-history":[{"count":0,"href":"https:\/\/jutedraagtassen.nl\/de\/wp-json\/wp\/v2\/pages\/1231\/revisions"}],"wp:attachment":[{"href":"https:\/\/jutedraagtassen.nl\/de\/wp-json\/wp\/v2\/media?parent=1231"}],"curies":[{"name":"wp","href":"https:\/\/api.w.org\/{rel}","templated":true}]}}