{"id":1180,"date":"2026-01-23T09:24:41","date_gmt":"2026-01-23T08:24:41","guid":{"rendered":"https:\/\/jutedraagtassen.nl\/startseite\/"},"modified":"2026-04-09T08:35:37","modified_gmt":"2026-04-09T08:35:37","slug":"startseite","status":"publish","type":"page","link":"https:\/\/jutedraagtassen.nl\/de\/","title":{"rendered":"Startseite"},"content":{"rendered":"","protected":false},"excerpt":{"rendered":"","protected":false},"author":1,"featured_media":0,"parent":0,"menu_order":0,"comment_status":"closed","ping_status":"closed","template":"","meta":{"_acf_changed":false,"_monsterinsights_skip_tracking":false,"_monsterinsights_sitenote_active":false,"_monsterinsights_sitenote_note":"","_monsterinsights_sitenote_category":0,"footnotes":""},"class_list":["post-1180","page","type-page","status-publish","hentry","entry"],"acf":{"s1_hero_content_list":[{"s1_hero_content_list_image":{"ID":1153,"id":1153,"title":"banner-Jute","filename":"banner-Jute.jpg","filesize":254735,"url":"https:\/\/shop.hidalgo.nl\/wp-content\/uploads\/2026\/04\/banner-Jute.jpg","link":"https:\/\/jutedraagtassen.nl\/de\/startseite\/banner-jute-2\/","alt":"","author":"6","description":"#image_title","caption":"#image_title","name":"banner-jute-2","status":"inherit","uploaded_to":1180,"date":"2026-04-03 07:43:21","modified":"2026-04-09 08:25:34","menu_order":0,"mime_type":"image\/jpeg","type":"image","subtype":"jpeg","icon":"https:\/\/jutedraagtassen.nl\/wp-includes\/images\/media\/default.png","width":1057,"height":492,"sizes":{"thumbnail":"https:\/\/shop.hidalgo.nl\/wp-content\/uploads\/2026\/04\/banner-Jute-150x150.jpg","thumbnail-width":150,"thumbnail-height":150,"medium":"https:\/\/shop.hidalgo.nl\/wp-content\/uploads\/2026\/04\/banner-Jute-300x140.jpg","medium-width":300,"medium-height":140,"medium_large":"https:\/\/shop.hidalgo.nl\/wp-content\/uploads\/2026\/04\/banner-Jute-768x357.jpg","medium_large-width":750,"medium_large-height":349,"large":"https:\/\/shop.hidalgo.nl\/wp-content\/uploads\/2026\/04\/banner-Jute-1024x477.jpg","large-width":750,"large-height":349,"1536x1536":"https:\/\/shop.hidalgo.nl\/wp-content\/uploads\/2026\/04\/banner-Jute.jpg","1536x1536-width":1057,"1536x1536-height":492,"2048x2048":"https:\/\/shop.hidalgo.nl\/wp-content\/uploads\/2026\/04\/banner-Jute.jpg","2048x2048-width":1057,"2048x2048-height":492,"post-thumbnail":"https:\/\/shop.hidalgo.nl\/wp-content\/uploads\/2026\/04\/banner-Jute.jpg","post-thumbnail-width":1057,"post-thumbnail-height":492,"woocommerce_thumbnail":"https:\/\/shop.hidalgo.nl\/wp-content\/uploads\/2026\/04\/banner-Jute-450x450.jpg","woocommerce_thumbnail-width":450,"woocommerce_thumbnail-height":450,"woocommerce_single":"https:\/\/shop.hidalgo.nl\/wp-content\/uploads\/2026\/04\/banner-Jute-600x279.jpg","woocommerce_single-width":600,"woocommerce_single-height":279,"woocommerce_gallery_thumbnail":"https:\/\/shop.hidalgo.nl\/wp-content\/uploads\/2026\/04\/banner-Jute-100x100.jpg","woocommerce_gallery_thumbnail-width":100,"woocommerce_gallery_thumbnail-height":100}},"s1_hero_content_list_title":"Jute Tasche","s1_hero_content_list_button":""},{"s1_hero_content_list_image":{"ID":1156,"id":1156,"title":"banner-Jute-geschenk","filename":"banner-Jute-geschenk.jpg","filesize":309211,"url":"https:\/\/shop.hidalgo.nl\/wp-content\/uploads\/2026\/04\/banner-Jute-geschenk.jpg","link":"https:\/\/jutedraagtassen.nl\/de\/startseite\/banner-jute-geschenk-2\/","alt":"","author":"6","description":"#image_title","caption":"#image_title","name":"banner-jute-geschenk-2","status":"inherit","uploaded_to":1180,"date":"2026-04-03 07:43:21","modified":"2026-04-09 08:25:34","menu_order":0,"mime_type":"image\/jpeg","type":"image","subtype":"jpeg","icon":"https:\/\/jutedraagtassen.nl\/wp-includes\/images\/media\/default.png","width":1057,"height":492,"sizes":{"thumbnail":"https:\/\/shop.hidalgo.nl\/wp-content\/uploads\/2026\/04\/banner-Jute-geschenk-150x150.jpg","thumbnail-width":150,"thumbnail-height":150,"medium":"https:\/\/shop.hidalgo.nl\/wp-content\/uploads\/2026\/04\/banner-Jute-geschenk-300x140.jpg","medium-width":300,"medium-height":140,"medium_large":"https:\/\/shop.hidalgo.nl\/wp-content\/uploads\/2026\/04\/banner-Jute-geschenk-768x357.jpg","medium_large-width":750,"medium_large-height":349,"large":"https:\/\/shop.hidalgo.nl\/wp-content\/uploads\/2026\/04\/banner-Jute-geschenk-1024x477.jpg","large-width":750,"large-height":349,"1536x1536":"https:\/\/shop.hidalgo.nl\/wp-content\/uploads\/2026\/04\/banner-Jute-geschenk.jpg","1536x1536-width":1057,"1536x1536-height":492,"2048x2048":"https:\/\/shop.hidalgo.nl\/wp-content\/uploads\/2026\/04\/banner-Jute-geschenk.jpg","2048x2048-width":1057,"2048x2048-height":492,"post-thumbnail":"https:\/\/shop.hidalgo.nl\/wp-content\/uploads\/2026\/04\/banner-Jute-geschenk.jpg","post-thumbnail-width":1057,"post-thumbnail-height":492,"woocommerce_thumbnail":"https:\/\/shop.hidalgo.nl\/wp-content\/uploads\/2026\/04\/banner-Jute-geschenk-450x450.jpg","woocommerce_thumbnail-width":450,"woocommerce_thumbnail-height":450,"woocommerce_single":"https:\/\/shop.hidalgo.nl\/wp-content\/uploads\/2026\/04\/banner-Jute-geschenk-600x279.jpg","woocommerce_single-width":600,"woocommerce_single-height":279,"woocommerce_gallery_thumbnail":"https:\/\/shop.hidalgo.nl\/wp-content\/uploads\/2026\/04\/banner-Jute-geschenk-100x100.jpg","woocommerce_gallery_thumbnail-width":100,"woocommerce_gallery_thumbnail-height":100}},"s1_hero_content_list_title":"Geschenkt\u00fcten","s1_hero_content_list_button":""}],"s2_content_list":false,"s3_title":"Aktuelle Trends","s3_popular_category":[48,49,51],"s4_title":"","s4_select_categories":false,"s5_title":"","s5_select_brands":false,"s6_title":"","s6_select_popular_category":false,"s7_left_image":{"ID":1172,"id":1172,"title":"showroom-jute","filename":"showroom-jute.jpg","filesize":689530,"url":"https:\/\/shop.hidalgo.nl\/wp-content\/uploads\/2026\/04\/showroom-jute.jpg","link":"https:\/\/jutedraagtassen.nl\/de\/startseite\/showroom-jute-2\/","alt":"","author":"6","description":"#image_title","caption":"#image_title","name":"showroom-jute-2","status":"inherit","uploaded_to":1180,"date":"2026-04-03 09:03:09","modified":"2026-04-09 08:25:34","menu_order":0,"mime_type":"image\/jpeg","type":"image","subtype":"jpeg","icon":"https:\/\/jutedraagtassen.nl\/wp-includes\/images\/media\/default.png","width":898,"height":600,"sizes":{"thumbnail":"https:\/\/shop.hidalgo.nl\/wp-content\/uploads\/2026\/04\/showroom-jute-150x150.jpg","thumbnail-width":150,"thumbnail-height":150,"medium":"https:\/\/shop.hidalgo.nl\/wp-content\/uploads\/2026\/04\/showroom-jute-300x200.jpg","medium-width":300,"medium-height":200,"medium_large":"https:\/\/shop.hidalgo.nl\/wp-content\/uploads\/2026\/04\/showroom-jute-768x513.jpg","medium_large-width":750,"medium_large-height":501,"large":"https:\/\/shop.hidalgo.nl\/wp-content\/uploads\/2026\/04\/showroom-jute.jpg","large-width":750,"large-height":501,"1536x1536":"https:\/\/shop.hidalgo.nl\/wp-content\/uploads\/2026\/04\/showroom-jute.jpg","1536x1536-width":898,"1536x1536-height":600,"2048x2048":"https:\/\/shop.hidalgo.nl\/wp-content\/uploads\/2026\/04\/showroom-jute.jpg","2048x2048-width":898,"2048x2048-height":600,"post-thumbnail":"https:\/\/shop.hidalgo.nl\/wp-content\/uploads\/2026\/04\/showroom-jute.jpg","post-thumbnail-width":898,"post-thumbnail-height":600,"woocommerce_thumbnail":"https:\/\/shop.hidalgo.nl\/wp-content\/uploads\/2026\/04\/showroom-jute-450x450.jpg","woocommerce_thumbnail-width":450,"woocommerce_thumbnail-height":450,"woocommerce_single":"https:\/\/shop.hidalgo.nl\/wp-content\/uploads\/2026\/04\/showroom-jute-600x401.jpg","woocommerce_single-width":600,"woocommerce_single-height":401,"woocommerce_gallery_thumbnail":"https:\/\/shop.hidalgo.nl\/wp-content\/uploads\/2026\/04\/showroom-jute-100x100.jpg","woocommerce_gallery_thumbnail-width":100,"woocommerce_gallery_thumbnail-height":100}},"s7_right_content_list":[{"s7_right_content_list_title":"Hidalgo Bags & More","s7_right_content_list_content":"<p>Hidalgo Bags & More wurde 1993 gegr\u00fcndet und unsere Spezialit\u00e4t sind Taschen, Wasserflaschen und Shaker sowie Sporthandt\u00fccher. Unser Hauptsitz befindet sich in den Niederlanden. Hier ber\u00e4t das Verkaufsteam, die Grafikabteilung gestaltet flei\u00dfig und wir begr\u00fc\u00dfen Sie gerne in unserem Showroom. In den Anfangsjahren war Hidalgo nur auf dem niederl\u00e4ndischen Markt t\u00e4tig, aber wir arbeiten heute mit mehr als 1800 Kunden in 16 L\u00e4ndern zusammen.<\/p>\n"},{"s7_right_content_list_title":"Kreativ","s7_right_content_list_content":"<p>Alles beginnt mit einer Idee, die Sie haben, aber wir denken gerne mit Ihnen mit. Wir haben Grafikdesigner, die in der Lage sind, die Idee visuell umzusetzen, aber auch unterhaltsame Alternativen bieten, um das Produkt noch sch\u00f6ner zu machen. Wir pr\u00fcfen, ob die Gr\u00f6\u00dfen stimmen, wo die beste Position f\u00fcr Ihr Logo ist und vieles mehr. Etwas erfinden und dann produzieren ist f\u00fcr uns das Sch\u00f6nste, was es gibt. Das gibt uns die M\u00f6glichkeit, uns zu differenzieren.<\/p>\n"},{"s7_right_content_list_title":"Fachgebiet","s7_right_content_list_content":"<p>Spezialisierung ist nicht etwas, was man pl\u00f6tzlich hat, unser Unternehmen wurde 1993 gegr\u00fcndet und wir lernen immer noch jeden Tag dazu. Wir sind spezialisiert auf Taschen, Handt\u00fccher, Wasserflaschen und Shaker. Diese drei Produktgruppen produzieren wir selbst oder wir arbeiten mit spezialisierten und exklusiven Drittanbietern zusammen. Wir beraten Sie gerne unverbindlich und denken gerne mit.<\/p>\n"}]},"aioseo_notices":[],"aioseo_head":"\n\t\t<!-- All in One SEO Pro 4.9.6.2 - aioseo.com -->\n\t<meta name=\"robots\" content=\"max-image-preview:large\" \/>\n\t<meta name=\"google-site-verification\" content=\"o1nbxvrqb4ZGI4F-Sb--52U63jmCXkR8--0KffSKkPU\" \/>\n\t<link rel=\"canonical\" href=\"https:\/\/jutedraagtassen.nl\/de\/wp-json\/wp\/v2\/pages\/1180\" \/>\n\t<meta name=\"generator\" content=\"All in One SEO Pro (AIOSEO) 4.9.6.2\" \/>\n\t\t<meta property=\"og:locale\" content=\"de_DE\" \/>\n\t\t<meta property=\"og:site_name\" content=\"Jutedraagtassen -\" \/>\n\t\t<meta property=\"og:type\" content=\"article\" \/>\n\t\t<meta property=\"og:title\" content=\"Startseite - Jutedraagtassen\" \/>\n\t\t<meta property=\"og:url\" content=\"https:\/\/jutedraagtassen.nl\/de\/wp-json\/wp\/v2\/pages\/1180\" \/>\n\t\t<meta property=\"og:image\" content=\"https:\/\/shop.hidalgo.nl\/wp-content\/uploads\/2026\/04\/Logo.png\" \/>\n\t\t<meta property=\"og:image:secure_url\" content=\"https:\/\/shop.hidalgo.nl\/wp-content\/uploads\/2026\/04\/Logo.png\" \/>\n\t\t<meta property=\"article:published_time\" content=\"2026-01-23T08:24:41+00:00\" \/>\n\t\t<meta property=\"article:modified_time\" content=\"2026-04-09T08:35:37+00:00\" \/>\n\t\t<meta name=\"twitter:card\" content=\"summary_large_image\" \/>\n\t\t<meta name=\"twitter:title\" content=\"Startseite - Jutedraagtassen\" \/>\n\t\t<meta name=\"twitter:image\" content=\"https:\/\/shop.hidalgo.nl\/wp-content\/uploads\/2026\/04\/Logo.png\" \/>\n\t\t<script type=\"application\/ld+json\" class=\"aioseo-schema\">\n\t\t\t{\"@context\":\"https:\\\/\\\/schema.org\",\"@graph\":[{\"@type\":\"BreadcrumbList\",\"@id\":\"https:\\\/\\\/jutedraagtassen.nl\\\/de\\\/#breadcrumblist\",\"itemListElement\":[{\"@type\":\"ListItem\",\"@id\":\"https:\\\/\\\/jutedraagtassen.nl\\\/de\\\/#listItem\",\"position\":1,\"name\":\"Home\",\"item\":\"https:\\\/\\\/jutedraagtassen.nl\\\/de\\\/\",\"nextItem\":{\"@type\":\"ListItem\",\"@id\":\"https:\\\/\\\/jutedraagtassen.nl\\\/de\\\/#listItem\",\"name\":\"Startseite\"}},{\"@type\":\"ListItem\",\"@id\":\"https:\\\/\\\/jutedraagtassen.nl\\\/de\\\/#listItem\",\"position\":2,\"name\":\"Startseite\",\"previousItem\":{\"@type\":\"ListItem\",\"@id\":\"https:\\\/\\\/jutedraagtassen.nl\\\/de\\\/#listItem\",\"name\":\"Home\"}}]},{\"@type\":\"Organization\",\"@id\":\"https:\\\/\\\/jutedraagtassen.nl\\\/de\\\/#organization\",\"name\":\"Jutedraagtassen\",\"url\":\"https:\\\/\\\/jutedraagtassen.nl\\\/de\\\/\",\"logo\":{\"@type\":\"ImageObject\",\"url\":\"https:\\\/\\\/shop.hidalgo.nl\\\/wp-content\\\/uploads\\\/2026\\\/04\\\/Logo.png\",\"@id\":\"https:\\\/\\\/jutedraagtassen.nl\\\/de\\\/#organizationLogo\",\"width\":600,\"height\":392},\"image\":{\"@id\":\"https:\\\/\\\/jutedraagtassen.nl\\\/de\\\/#organizationLogo\"}},{\"@type\":\"WebPage\",\"@id\":\"https:\\\/\\\/jutedraagtassen.nl\\\/de\\\/#webpage\",\"url\":\"https:\\\/\\\/jutedraagtassen.nl\\\/de\\\/\",\"name\":\"Startseite - Jutedraagtassen\",\"inLanguage\":\"de-DE\",\"isPartOf\":{\"@id\":\"https:\\\/\\\/jutedraagtassen.nl\\\/de\\\/#website\"},\"breadcrumb\":{\"@id\":\"https:\\\/\\\/jutedraagtassen.nl\\\/de\\\/#breadcrumblist\"},\"datePublished\":\"2026-01-23T09:24:41+01:00\",\"dateModified\":\"2026-04-09T08:35:37+02:00\"},{\"@type\":\"WebSite\",\"@id\":\"https:\\\/\\\/jutedraagtassen.nl\\\/de\\\/#website\",\"url\":\"https:\\\/\\\/jutedraagtassen.nl\\\/de\\\/\",\"name\":\"Jutedraagtassen\",\"inLanguage\":\"de-DE\",\"publisher\":{\"@id\":\"https:\\\/\\\/jutedraagtassen.nl\\\/de\\\/#organization\"}}]}\n\t\t<\/script>\n\t\t<!-- All in One SEO Pro -->\r\n\t\t<title>Startseite - Jutedraagtassen<\/title>\n\n","aioseo_head_json":{"title":"Startseite - Jutedraagtassen","description":"","canonical_url":"https:\/\/jutedraagtassen.nl\/de\/wp-json\/wp\/v2\/pages\/1180","robots":"max-image-preview:large","keywords":"","webmasterTools":{"google-site-verification":"o1nbxvrqb4ZGI4F-Sb--52U63jmCXkR8--0KffSKkPU","miscellaneous":""},"schema":{"@context":"https:\/\/schema.org","@graph":[{"@type":"BreadcrumbList","@id":"https:\/\/jutedraagtassen.nl\/de\/#breadcrumblist","itemListElement":[{"@type":"ListItem","@id":"https:\/\/jutedraagtassen.nl\/de\/#listItem","position":1,"name":"Home","item":"https:\/\/jutedraagtassen.nl\/de\/","nextItem":{"@type":"ListItem","@id":"https:\/\/jutedraagtassen.nl\/de\/#listItem","name":"Startseite"}},{"@type":"ListItem","@id":"https:\/\/jutedraagtassen.nl\/de\/#listItem","position":2,"name":"Startseite","previousItem":{"@type":"ListItem","@id":"https:\/\/jutedraagtassen.nl\/de\/#listItem","name":"Home"}}]},{"@type":"Organization","@id":"https:\/\/jutedraagtassen.nl\/de\/#organization","name":"Jutedraagtassen","url":"https:\/\/jutedraagtassen.nl\/de\/","logo":{"@type":"ImageObject","url":"https:\/\/shop.hidalgo.nl\/wp-content\/uploads\/2026\/04\/Logo.png","@id":"https:\/\/jutedraagtassen.nl\/de\/#organizationLogo","width":600,"height":392},"image":{"@id":"https:\/\/jutedraagtassen.nl\/de\/#organizationLogo"}},{"@type":"WebPage","@id":"https:\/\/jutedraagtassen.nl\/de\/#webpage","url":"https:\/\/jutedraagtassen.nl\/de\/","name":"Startseite - Jutedraagtassen","inLanguage":"de-DE","isPartOf":{"@id":"https:\/\/jutedraagtassen.nl\/de\/#website"},"breadcrumb":{"@id":"https:\/\/jutedraagtassen.nl\/de\/#breadcrumblist"},"datePublished":"2026-01-23T09:24:41+01:00","dateModified":"2026-04-09T08:35:37+02:00"},{"@type":"WebSite","@id":"https:\/\/jutedraagtassen.nl\/de\/#website","url":"https:\/\/jutedraagtassen.nl\/de\/","name":"Jutedraagtassen","inLanguage":"de-DE","publisher":{"@id":"https:\/\/jutedraagtassen.nl\/de\/#organization"}}]},"og:locale":"de_DE","og:site_name":"Jutedraagtassen -","og:type":"article","og:title":"Startseite - Jutedraagtassen","og:url":"https:\/\/jutedraagtassen.nl\/de\/wp-json\/wp\/v2\/pages\/1180","og:image":"https:\/\/shop.hidalgo.nl\/wp-content\/uploads\/2026\/04\/Logo.png","og:image:secure_url":"https:\/\/shop.hidalgo.nl\/wp-content\/uploads\/2026\/04\/Logo.png","article:published_time":"2026-01-23T08:24:41+00:00","article:modified_time":"2026-04-09T08:35:37+00:00","twitter:card":"summary_large_image","twitter:title":"Startseite - Jutedraagtassen","twitter:image":"https:\/\/shop.hidalgo.nl\/wp-content\/uploads\/2026\/04\/Logo.png"},"aioseo_meta_data":{"post_id":"1180","title":null,"description":null,"keywords":null,"keyphrases":{"focus":{"keyphrase":"","score":0,"analysis":{"keyphraseInTitle":{"score":0,"maxScore":9,"error":1}}},"additional":[]},"canonical_url":null,"og_title":null,"og_description":null,"og_object_type":"default","og_image_type":"default","og_image_custom_url":null,"og_image_custom_fields":null,"og_custom_image_width":null,"og_custom_image_height":null,"og_video":"","og_custom_url":null,"og_article_section":null,"og_article_tags":null,"twitter_use_og":false,"twitter_card":"default","twitter_image_type":"default","twitter_image_custom_url":null,"twitter_image_custom_fields":null,"twitter_title":null,"twitter_description":null,"schema_type":null,"schema_type_options":null,"pillar_content":false,"robots_default":true,"robots_noindex":false,"robots_noarchive":false,"robots_nosnippet":false,"robots_nofollow":false,"robots_noimageindex":false,"robots_noodp":false,"robots_notranslate":false,"robots_max_snippet":"-1","robots_max_videopreview":"-1","robots_max_imagepreview":"none","tabs":null,"priority":null,"frequency":"default","local_seo":null,"created":"2026-04-09 08:25:34","updated":"2026-04-09 08:35:37"},"aioseo_breadcrumb":"<div class=\"aioseo-breadcrumbs\"><span class=\"aioseo-breadcrumb\">\n\t<a href=\"https:\/\/jutedraagtassen.nl\/de\/\" title=\"Home\">Home<\/a>\n<\/span><span class=\"aioseo-breadcrumb-separator\">\u00bb<\/span><span class=\"aioseo-breadcrumb\">\n\tStartseite\n<\/span><\/div>","aioseo_breadcrumb_json":[{"label":"Home","link":"https:\/\/jutedraagtassen.nl\/de\/"},{"label":"Startseite","link":"https:\/\/jutedraagtassen.nl\/de\/"}],"_links":{"self":[{"href":"https:\/\/jutedraagtassen.nl\/de\/wp-json\/wp\/v2\/pages\/1180","targetHints":{"allow":["GET"]}}],"collection":[{"href":"https:\/\/jutedraagtassen.nl\/de\/wp-json\/wp\/v2\/pages"}],"about":[{"href":"https:\/\/jutedraagtassen.nl\/de\/wp-json\/wp\/v2\/types\/page"}],"author":[{"embeddable":true,"href":"https:\/\/jutedraagtassen.nl\/de\/wp-json\/wp\/v2\/users\/1"}],"replies":[{"embeddable":true,"href":"https:\/\/jutedraagtassen.nl\/de\/wp-json\/wp\/v2\/comments?post=1180"}],"version-history":[{"count":2,"href":"https:\/\/jutedraagtassen.nl\/de\/wp-json\/wp\/v2\/pages\/1180\/revisions"}],"predecessor-version":[{"id":1186,"href":"https:\/\/jutedraagtassen.nl\/de\/wp-json\/wp\/v2\/pages\/1180\/revisions\/1186"}],"wp:attachment":[{"href":"https:\/\/jutedraagtassen.nl\/de\/wp-json\/wp\/v2\/media?parent=1180"}],"curies":[{"name":"wp","href":"https:\/\/api.w.org\/{rel}","templated":true}]}}